{"id":48,"date":"2022-11-27T20:38:30","date_gmt":"2022-11-27T20:38:30","guid":{"rendered":"https:\/\/suncome.de\/wordpress\/?page_id=48"},"modified":"2022-11-28T17:59:06","modified_gmt":"2022-11-28T17:59:06","slug":"home","status":"publish","type":"page","link":"https:\/\/suncome.de\/","title":{"rendered":"Home"},"content":{"rendered":"<figure class=\"wp-block-post-featured-image\"><img loading=\"lazy\" decoding=\"async\" width=\"1280\" height=\"962\" src=\"https:\/\/suncome.de\/wordpress\/wp-content\/uploads\/2022\/11\/5f5cabdf-d82e-4c17-80b3-e82d624b6cb5.jpg\" class=\"attachment-post-thumbnail size-post-thumbnail wp-post-image\" alt=\"tree sunrise suncome\" style=\"object-fit:cover;\" srcset=\"https:\/\/suncome.de\/wordpress\/wp-content\/uploads\/2022\/11\/5f5cabdf-d82e-4c17-80b3-e82d624b6cb5.jpg 1280w, https:\/\/suncome.de\/wordpress\/wp-content\/uploads\/2022\/11\/5f5cabdf-d82e-4c17-80b3-e82d624b6cb5-300x225.jpg 300w, https:\/\/suncome.de\/wordpress\/wp-content\/uploads\/2022\/11\/5f5cabdf-d82e-4c17-80b3-e82d624b6cb5-1024x770.jpg 1024w, https:\/\/suncome.de\/wordpress\/wp-content\/uploads\/2022\/11\/5f5cabdf-d82e-4c17-80b3-e82d624b6cb5-768x577.jpg 768w\" sizes=\"auto, (max-width: 1280px) 100vw, 1280px\" \/><\/figure>\n\n\n<div class=\"wp-block-group alignwide is-layout-flow wp-block-group-is-layout-flow\">\n<p>Unser Vereinsname Suncome e.V. bedeutet Sonnenaufgang, das hei\u00dft unsere Projekte sollen etwas bewegen, verbessern oder zum Leuchten bringen. Wir arbeiten, um gemeinsam mit bed\u00fcrftigem Menschen in Deutschland und Afrika, soziale Begegnungen zu f\u00f6rdern und neue Wege zu er\u00f6ffnen.<\/p>\n\n\n\n<p>Unsere Ziele sind die F\u00f6rderung von Gesundheit, Bildung und kulturellen Austausch im in- und Ausland. Wir arbeiten mit kleineren und gr\u00f6\u00dferen Projekten in l\u00e4ndlichen Gebieten. Derzeit sind wir auch in Kamerun engagiert, einem armen Land in Afrika, in dem wir einen Partnerverband haben.<\/p>\n<\/div>\n\n\n\n<figure class=\"wp-block-gallery alignwide has-nested-images columns-default is-cropped wp-block-gallery-1 is-layout-flex wp-block-gallery-is-layout-flex\">\n<figure class=\"wp-block-image size-large\"><img loading=\"lazy\" decoding=\"async\" width=\"640\" height=\"427\" data-id=\"129\" src=\"https:\/\/suncome.de\/wordpress\/wp-content\/uploads\/2022\/11\/3cae0735-329e-4e67-836d-a46b8c540eb2.webp\" alt=\"\" class=\"wp-image-129\" srcset=\"https:\/\/suncome.de\/wordpress\/wp-content\/uploads\/2022\/11\/3cae0735-329e-4e67-836d-a46b8c540eb2.webp 640w, https:\/\/suncome.de\/wordpress\/wp-content\/uploads\/2022\/11\/3cae0735-329e-4e67-836d-a46b8c540eb2-300x200.webp 300w\" sizes=\"auto, (max-width: 640px) 100vw, 640px\" \/><\/figure>\n\n\n\n<figure class=\"wp-block-image size-large\"><img loading=\"lazy\" decoding=\"async\" width=\"1024\" height=\"683\" data-id=\"118\" src=\"https:\/\/suncome.de\/wordpress\/wp-content\/uploads\/2022\/11\/69b84184-d495-47c6-b629-e2140c9d9678-1024x683.webp\" alt=\"\" class=\"wp-image-118\" srcset=\"https:\/\/suncome.de\/wordpress\/wp-content\/uploads\/2022\/11\/69b84184-d495-47c6-b629-e2140c9d9678-1024x683.webp 1024w, https:\/\/suncome.de\/wordpress\/wp-content\/uploads\/2022\/11\/69b84184-d495-47c6-b629-e2140c9d9678-300x200.webp 300w, https:\/\/suncome.de\/wordpress\/wp-content\/uploads\/2022\/11\/69b84184-d495-47c6-b629-e2140c9d9678-768x513.webp 768w, https:\/\/suncome.de\/wordpress\/wp-content\/uploads\/2022\/11\/69b84184-d495-47c6-b629-e2140c9d9678.webp 1440w\" sizes=\"auto, (max-width: 1024px) 100vw, 1024px\" \/><\/figure>\n<\/figure>\n\n\n\n<div style=\"height:46px\" aria-hidden=\"true\" class=\"wp-block-spacer\"><\/div>\n\n\n\n<h3 class=\"alignwide wp-block-heading\">Neueste Beitr\u00e4ge<\/h3>\n\n\n\n<div class=\"wp-block-query alignwide is-layout-flow wp-block-query-is-layout-flow\"><ul class=\"wp-block-post-template is-layout-flow wp-block-post-template-is-layout-flow\"><li class=\"wp-block-post post-500 post type-post status-publish format-standard has-post-thumbnail hentry category-projekte\">\n\n<div class=\"wp-block-columns is-layout-flex wp-container-core-columns-is-layout-98fab91d wp-block-columns-is-layout-flex\" style=\"border-bottom-width:2px;padding-top:0;padding-right:0;padding-bottom:2rem;padding-left:0\">\n<div class=\"wp-block-column is-layout-flow wp-block-column-is-layout-flow\" style=\"flex-basis:40%\"><figure class=\"wp-block-post-featured-image\"><img loading=\"lazy\" decoding=\"async\" width=\"1440\" height=\"961\" src=\"https:\/\/suncome.de\/wordpress\/wp-content\/uploads\/2022\/11\/84b1f22f-bee6-4f85-b9d3-5174904ccb64.webp\" class=\"attachment-post-thumbnail size-post-thumbnail wp-post-image\" alt=\"\" style=\"object-fit:cover;\" srcset=\"https:\/\/suncome.de\/wordpress\/wp-content\/uploads\/2022\/11\/84b1f22f-bee6-4f85-b9d3-5174904ccb64.webp 1440w, https:\/\/suncome.de\/wordpress\/wp-content\/uploads\/2022\/11\/84b1f22f-bee6-4f85-b9d3-5174904ccb64-300x200.webp 300w, https:\/\/suncome.de\/wordpress\/wp-content\/uploads\/2022\/11\/84b1f22f-bee6-4f85-b9d3-5174904ccb64-1024x683.webp 1024w, https:\/\/suncome.de\/wordpress\/wp-content\/uploads\/2022\/11\/84b1f22f-bee6-4f85-b9d3-5174904ccb64-768x513.webp 768w\" sizes=\"auto, (max-width: 1440px) 100vw, 1440px\" \/><\/figure><\/div>\n\n\n\n<div class=\"wp-block-column is-vertically-aligned-center is-layout-flow wp-block-column-is-layout-flow\" style=\"flex-basis:60%\"><h3 style=\"font-style:normal;font-weight:500;\" class=\"wp-block-post-title has-large-font-size\">Patenschaften &#8211; Update 08-2024<\/h3>\n\n<div class=\"wp-block-post-excerpt\"><p class=\"wp-block-post-excerpt__excerpt\">Dank des Patenschaftsprogramms, das wir vor zwei Jahren in Zusammenarbeit mit Hope in Tomorrow ins Leben gerufen haben, unterst\u00fctzen und f\u00f6rdern wir nun 11 arme und verwaiste Kinder in Kamerun. Diese Kinder erhalten eine gute Perspektive f\u00fcr die Zukunft: Eine M\u00f6glichkeit zur Schule zu gehen, notwendige Lebensmittel und Medikamente, F\u00f6rderung der Kreativit\u00e4t durch Freizeitaktivit\u00e4ten Wir<\/p><p class=\"wp-block-post-excerpt__more-text\"><a class=\"wp-block-post-excerpt__more-link\" href=\"https:\/\/suncome.de\/?p=500\">Weiterlesen&#8230;<\/a><\/p><\/div><\/div>\n<\/div>\n\n<\/li><li class=\"wp-block-post post-492 post type-post status-publish format-standard has-post-thumbnail hentry category-projekte\">\n\n<div class=\"wp-block-columns is-layout-flex wp-container-core-columns-is-layout-98fab91d wp-block-columns-is-layout-flex\" style=\"border-bottom-width:2px;padding-top:0;padding-right:0;padding-bottom:2rem;padding-left:0\">\n<div class=\"wp-block-column is-layout-flow wp-block-column-is-layout-flow\" style=\"flex-basis:40%\"><figure class=\"wp-block-post-featured-image\"><img loading=\"lazy\" decoding=\"async\" width=\"460\" height=\"678\" src=\"https:\/\/suncome.de\/wordpress\/wp-content\/uploads\/2023\/01\/WhatsApp-Image-2025-07-20-at-13.06.27-1-e1753010560718.jpeg\" class=\"attachment-post-thumbnail size-post-thumbnail wp-post-image\" alt=\"\" style=\"object-fit:cover;\" srcset=\"https:\/\/suncome.de\/wordpress\/wp-content\/uploads\/2023\/01\/WhatsApp-Image-2025-07-20-at-13.06.27-1-e1753010560718.jpeg 460w, https:\/\/suncome.de\/wordpress\/wp-content\/uploads\/2023\/01\/WhatsApp-Image-2025-07-20-at-13.06.27-1-e1753010560718-204x300.jpeg 204w\" sizes=\"auto, (max-width: 460px) 100vw, 460px\" \/><\/figure><\/div>\n\n\n\n<div class=\"wp-block-column is-vertically-aligned-center is-layout-flow wp-block-column-is-layout-flow\" style=\"flex-basis:60%\"><h3 style=\"font-style:normal;font-weight:500;\" class=\"wp-block-post-title has-large-font-size\">Weihnachtsfeier im Waisenhaus 12-2022<\/h3>\n\n<div class=\"wp-block-post-excerpt\"><p class=\"wp-block-post-excerpt__excerpt\">Bei der vom Verein organisierten Weihnachtsfeier in Douala\/Kamerun in einem Waisenhaus haben sich 100 Waisen und arme Kinder \u00fcber Weihnachtsgeschenke und Kleidung sehr gefreut. Jedes Kind bekam ein sch\u00f6n eingepacktes Paket, was mit gro\u00dfer Begeisterung sofort ausgepackt wurde. Die Kleidung wurde gleich in einer Modenschau von den Kindern mit gro\u00dfem Stolz pr\u00e4sentiert &#8211; ein totaler<\/p><p class=\"wp-block-post-excerpt__more-text\"><a class=\"wp-block-post-excerpt__more-link\" href=\"https:\/\/suncome.de\/?p=492\">Weiterlesen&#8230;<\/a><\/p><\/div><\/div>\n<\/div>\n\n<\/li><li class=\"wp-block-post post-198 post type-post status-publish format-standard has-post-thumbnail hentry category-projekte\">\n\n<div class=\"wp-block-columns is-layout-flex wp-container-core-columns-is-layout-98fab91d wp-block-columns-is-layout-flex\" style=\"border-bottom-width:2px;padding-top:0;padding-right:0;padding-bottom:2rem;padding-left:0\">\n<div class=\"wp-block-column is-layout-flow wp-block-column-is-layout-flow\" style=\"flex-basis:40%\"><figure class=\"wp-block-post-featured-image\"><img loading=\"lazy\" decoding=\"async\" width=\"977\" height=\"724\" src=\"https:\/\/suncome.de\/wordpress\/wp-content\/uploads\/2022\/11\/photo_2022-11-27_21-42-30.jpg\" class=\"attachment-post-thumbnail size-post-thumbnail wp-post-image\" alt=\"\" style=\"object-fit:cover;\" srcset=\"https:\/\/suncome.de\/wordpress\/wp-content\/uploads\/2022\/11\/photo_2022-11-27_21-42-30.jpg 977w, https:\/\/suncome.de\/wordpress\/wp-content\/uploads\/2022\/11\/photo_2022-11-27_21-42-30-300x222.jpg 300w, https:\/\/suncome.de\/wordpress\/wp-content\/uploads\/2022\/11\/photo_2022-11-27_21-42-30-768x569.jpg 768w\" sizes=\"auto, (max-width: 977px) 100vw, 977px\" \/><\/figure><\/div>\n\n\n\n<div class=\"wp-block-column is-vertically-aligned-center is-layout-flow wp-block-column-is-layout-flow\" style=\"flex-basis:60%\"><h3 style=\"font-style:normal;font-weight:500;\" class=\"wp-block-post-title has-large-font-size\">Schulmaterial und Lebensmittel f\u00fcr verwaiste Kinder in der anglophonen NOSO-Krisenzone (Northwest \/ Southwest region) in Kamerun<\/h3>\n\n<div class=\"wp-block-post-excerpt\"><p class=\"wp-block-post-excerpt__excerpt\">&nbsp;Die seit mehr als f\u00fcnf Jahren anglophone Krise in Kamerun ist ein Konflikt in den s\u00fcdwestlichen und nordwestlichen Regionen. Dieser Krieg ist die Ursache f\u00fcr die erzwungene Abwanderung mehrerer Menschen in die Hauptstadt. Sie ist auch f\u00fcr die wachsende Zahl verwaister und verlassener Kinder verantwortlich. Einige dieser Kinder konnten in einem kleinen Haus in der<\/p><p class=\"wp-block-post-excerpt__more-text\"><a class=\"wp-block-post-excerpt__more-link\" href=\"https:\/\/suncome.de\/?p=198\">Weiterlesen&#8230;<\/a><\/p><\/div><\/div>\n<\/div>\n\n<\/li><\/ul>\n\n<\/div>\n","protected":false},"excerpt":{"rendered":"<p>Unser Vereinsname Suncome e.V. bedeutet Sonnenaufgang, das hei\u00dft unsere Projekte sollen etwas bewegen, verbessern oder zum Leuchten bringen. Wir arbeiten, um gemeinsam mit bed\u00fcrftigem Menschen in Deutschland und Afrika, soziale Begegnungen zu f\u00f6rdern und neue Wege zu er\u00f6ffnen. Unsere Ziele sind die F\u00f6rderung von Gesundheit, Bildung und kulturellen Austausch im in- und Ausland. Wir arbeiten [&hellip;]<\/p>\n","protected":false},"author":2,"featured_media":11,"parent":0,"menu_order":0,"comment_status":"closed","ping_status":"closed","template":"wp-custom-template-sc-startseite","meta":{"footnotes":""},"class_list":["post-48","page","type-page","status-publish","has-post-thumbnail","hentry"],"_links":{"self":[{"href":"https:\/\/suncome.de\/index.php?rest_route=\/wp\/v2\/pages\/48","targetHints":{"allow":["GET"]}}],"collection":[{"href":"https:\/\/suncome.de\/index.php?rest_route=\/wp\/v2\/pages"}],"about":[{"href":"https:\/\/suncome.de\/index.php?rest_route=\/wp\/v2\/types\/page"}],"author":[{"embeddable":true,"href":"https:\/\/suncome.de\/index.php?rest_route=\/wp\/v2\/users\/2"}],"replies":[{"embeddable":true,"href":"https:\/\/suncome.de\/index.php?rest_route=%2Fwp%2Fv2%2Fcomments&post=48"}],"version-history":[{"count":15,"href":"https:\/\/suncome.de\/index.php?rest_route=\/wp\/v2\/pages\/48\/revisions"}],"predecessor-version":[{"id":518,"href":"https:\/\/suncome.de\/index.php?rest_route=\/wp\/v2\/pages\/48\/revisions\/518"}],"wp:featuredmedia":[{"embeddable":true,"href":"https:\/\/suncome.de\/index.php?rest_route=\/wp\/v2\/media\/11"}],"wp:attachment":[{"href":"https:\/\/suncome.de\/index.php?rest_route=%2Fwp%2Fv2%2Fmedia&parent=48"}],"curies":[{"name":"wp","href":"https:\/\/api.w.org\/{rel}","templated":true}]}}